{"id":8669,"date":"2021-06-10T11:21:50","date_gmt":"2021-06-10T08:21:50","guid":{"rendered":"http:\/\/localhost\/e-fontana\/product\/%ce%ba%ce%b1%ce%b8%cf%81%ce%ad%cf%80%cf%84%ce%b5%cf%82-%ce%bc%cf%80%ce%ac%ce%bd%ce%b9%ce%bf%cf%85-%cf%84%ce%bf%ce%af%cf%87%ce%bf%cf%85-%cf%83%ce%b5%cf%84-60x90-30x45-%ce%ba%ce%b1%ce%b9-21x33-%cf%83\/"},"modified":"2022-11-01T21:18:31","modified_gmt":"2022-11-01T18:18:31","slug":"%ce%ba%ce%b1%ce%b8%cf%81%ce%ad%cf%80%cf%84%ce%b5%cf%82-%ce%bc%cf%80%ce%ac%ce%bd%ce%b9%ce%bf%cf%85-%cf%84%ce%bf%ce%af%cf%87%ce%bf%cf%85-%cf%83%ce%b5%cf%84-60x90-30x45-%ce%ba%ce%b1%ce%b9-21x33-%cf%83","status":"publish","type":"product","link":"https:\/\/e-fontana.gr\/en\/product\/%ce%ba%ce%b1%ce%b8%cf%81%ce%ad%cf%80%cf%84%ce%b5%cf%82-%ce%bc%cf%80%ce%ac%ce%bd%ce%b9%ce%bf%cf%85-%cf%84%ce%bf%ce%af%cf%87%ce%bf%cf%85-%cf%83%ce%b5%cf%84-60x90-30x45-%ce%ba%ce%b1%ce%b9-21x33-%cf%83\/","title":{"rendered":"Drop shaped bathroom wall mirrors set 60\u00d790, 30\u00d745 and 21\u00d733"},"content":{"rendered":"<p><span style=\"color: #000000;\"><strong>Set of 4 teardrop-shaped mirrors<\/strong><\/span><\/p>\n<hr \/>\n<ul>\n<li><span style=\"color: #000000;\"><strong>Dimension:<\/strong> <strong>60x90cm 30x45cm and 21x33cm<\/strong><\/span><\/li>\n<li><span style=\"color: #000000;\"><strong>It consists of mirrors:<\/strong> 5 mm<\/span><\/li>\n<li><span style=\"color: #000000;\"><strong>Quantity of mirrors: 1 piece 60x90cm, 1 piece 30x45cm and 2 pieces 21x33cm.<\/strong><\/span><\/li>\n<li><strong><span style=\"color: #ff0000;\">Support method \u2013 select above :<\/span><\/strong><\/li>\n<li><span style=\"color: #000000;\">Attached with double-sided tape to the back of the mirror<\/span><\/li>\n<li><span style=\"color: #000000;\">Hanging with brackets on the back of the mirror (the package includes the eyelets and the crooked nails for hanging)<\/span><\/li>\n<li><span style=\"color: #000000;\"><strong>Usual delivery time:<\/strong>\u00a06-10 days<\/span><\/li>\n<\/ul>\n<p>&nbsp;<\/p>\n<p><span style=\"color: #ff0000;\">For special constructions contact us at\u00a0<strong>2109610956.<\/strong><\/span><\/p>\n<p>&nbsp;<\/p>\n<p>&nbsp;<\/p>\n<p><span style=\"color: #0000ff;\">We will be at your disposal for any further clarification or information you need.<\/span><\/p>","protected":false},"excerpt":{"rendered":"<p><strong><span style=\"color: #000000;\">Handmade product<\/span><\/strong><\/p>\n<p><strong><span style=\"color: #000000;\">MADE IN GREECE<\/span><\/strong><\/p>","protected":false},"featured_media":8668,"template":"","meta":{"_acf_changed":false},"product_brand":[],"product_cat":[593,41],"product_tag":[],"class_list":{"0":"post-8669","1":"product","2":"type-product","3":"status-publish","4":"has-post-thumbnail","6":"product_cat-593","7":"product_cat-41","8":"pa_-573","9":"pa_-574","11":"first","12":"onbackorder","13":"shipping-taxable","14":"purchasable","15":"product-type-variable"},"acf":[],"yoast_head":"<!-- This site is optimized with the Yoast SEO Premium plugin v27.0 (Yoast SEO v27.0) - https:\/\/yoast.com\/product\/yoast-seo-premium-wordpress\/ -->\n<title>\u039a\u03b1\u03b8\u03c1\u03ad\u03c0\u03c4\u03b5\u03c2 \u03bc\u03c0\u03ac\u03bd\u03b9\u03bf\u03c5 \u03c4\u03bf\u03af\u03c7\u03bf\u03c5 \u03c3\u03b5 \u03c3\u03c7\u03ae\u03bc\u03b1 \u03c3\u03c4\u03b1\u03b3\u03cc\u03bd\u03b1 \u03c3\u03b5\u03c4 60x90, 30x45 \u03ba\u03b1\u03b9 21x33 - e-Fontana<\/title>\n<meta name=\"description\" content=\"\u03a7\u03b5\u03b9\u03c1\u03bf\u03c0\u03bf\u03af\u03b7\u03c4\u03bf \u03c0\u03c1\u03bf\u03ca\u03cc\u03bd  MADE IN GREECE\" \/>\n<meta name=\"robots\" content=\"index, follow, max-snippet:-1, max-image-preview:large, max-video-preview:-1\" \/>\n<link rel=\"canonical\" href=\"https:\/\/e-fontana.gr\/en\/product\/\u03ba\u03b1\u03b8\u03c1\u03ad\u03c0\u03c4\u03b5\u03c2-\u03bc\u03c0\u03ac\u03bd\u03b9\u03bf\u03c5-\u03c4\u03bf\u03af\u03c7\u03bf\u03c5-\u03c3\u03b5\u03c4-60x90-30x45-\u03ba\u03b1\u03b9-21x33-\u03c3\/\" \/>\n<meta property=\"og:locale\" content=\"en_GB\" \/>\n<meta property=\"og:type\" content=\"article\" \/>\n<meta property=\"og:title\" content=\"\u039a\u03b1\u03b8\u03c1\u03ad\u03c0\u03c4\u03b5\u03c2 \u03bc\u03c0\u03ac\u03bd\u03b9\u03bf\u03c5 \u03c4\u03bf\u03af\u03c7\u03bf\u03c5 \u03c3\u03b5 \u03c3\u03c7\u03ae\u03bc\u03b1 \u03c3\u03c4\u03b1\u03b3\u03cc\u03bd\u03b1 \u03c3\u03b5\u03c4 60x90, 30x45 \u03ba\u03b1\u03b9 21x33\" \/>\n<meta property=\"og:description\" content=\"\u03a7\u03b5\u03b9\u03c1\u03bf\u03c0\u03bf\u03af\u03b7\u03c4\u03bf \u03c0\u03c1\u03bf\u03ca\u03cc\u03bd  MADE IN GREECE\" \/>\n<meta property=\"og:url\" content=\"https:\/\/e-fontana.gr\/en\/product\/\u03ba\u03b1\u03b8\u03c1\u03ad\u03c0\u03c4\u03b5\u03c2-\u03bc\u03c0\u03ac\u03bd\u03b9\u03bf\u03c5-\u03c4\u03bf\u03af\u03c7\u03bf\u03c5-\u03c3\u03b5\u03c4-60x90-30x45-\u03ba\u03b1\u03b9-21x33-\u03c3\/\" \/>\n<meta property=\"og:site_name\" content=\"e-Fontana\" \/>\n<meta property=\"article:modified_time\" content=\"2022-11-01T18:18:31+00:00\" \/>\n<meta property=\"og:image\" content=\"https:\/\/e-fontana.gr\/wp-content\/uploads\/2021\/06\/11425-thickbox_default-Kathreptes-mpaniou-toichou-set-60x90-30x45-kai-21x33-se-schema-stagona.jpg\" \/>\n\t<meta property=\"og:image:width\" content=\"800\" \/>\n\t<meta property=\"og:image:height\" content=\"800\" \/>\n\t<meta property=\"og:image:type\" content=\"image\/jpeg\" \/>\n<meta name=\"twitter:card\" content=\"summary_large_image\" \/>\n<meta name=\"twitter:label1\" content=\"Availability\" \/>\n\t<meta name=\"twitter:data1\" content=\"On back order\" \/>\n<script type=\"application\/ld+json\" class=\"yoast-schema-graph\">{\"@context\":\"https:\/\/schema.org\",\"@graph\":[{\"@type\":\"WebPage\",\"@id\":\"https:\/\/e-fontana.gr\/en\/product\/%ce%ba%ce%b1%ce%b8%cf%81%ce%ad%cf%80%cf%84%ce%b5%cf%82-%ce%bc%cf%80%ce%ac%ce%bd%ce%b9%ce%bf%cf%85-%cf%84%ce%bf%ce%af%cf%87%ce%bf%cf%85-%cf%83%ce%b5%cf%84-60x90-30x45-%ce%ba%ce%b1%ce%b9-21x33-%cf%83\/\",\"url\":\"https:\/\/e-fontana.gr\/en\/product\/%ce%ba%ce%b1%ce%b8%cf%81%ce%ad%cf%80%cf%84%ce%b5%cf%82-%ce%bc%cf%80%ce%ac%ce%bd%ce%b9%ce%bf%cf%85-%cf%84%ce%bf%ce%af%cf%87%ce%bf%cf%85-%cf%83%ce%b5%cf%84-60x90-30x45-%ce%ba%ce%b1%ce%b9-21x33-%cf%83\/\",\"name\":\"\u039a\u03b1\u03b8\u03c1\u03ad\u03c0\u03c4\u03b5\u03c2 \u03bc\u03c0\u03ac\u03bd\u03b9\u03bf\u03c5 \u03c4\u03bf\u03af\u03c7\u03bf\u03c5 \u03c3\u03b5 \u03c3\u03c7\u03ae\u03bc\u03b1 \u03c3\u03c4\u03b1\u03b3\u03cc\u03bd\u03b1 \u03c3\u03b5\u03c4 60x90, 30x45 \u03ba\u03b1\u03b9 21x33 - e-Fontana\",\"isPartOf\":{\"@id\":\"https:\/\/e-fontana.gr\/#website\"},\"primaryImageOfPage\":{\"@id\":\"https:\/\/e-fontana.gr\/en\/product\/%ce%ba%ce%b1%ce%b8%cf%81%ce%ad%cf%80%cf%84%ce%b5%cf%82-%ce%bc%cf%80%ce%ac%ce%bd%ce%b9%ce%bf%cf%85-%cf%84%ce%bf%ce%af%cf%87%ce%bf%cf%85-%cf%83%ce%b5%cf%84-60x90-30x45-%ce%ba%ce%b1%ce%b9-21x33-%cf%83\/#primaryimage\"},\"image\":{\"@id\":\"https:\/\/e-fontana.gr\/en\/product\/%ce%ba%ce%b1%ce%b8%cf%81%ce%ad%cf%80%cf%84%ce%b5%cf%82-%ce%bc%cf%80%ce%ac%ce%bd%ce%b9%ce%bf%cf%85-%cf%84%ce%bf%ce%af%cf%87%ce%bf%cf%85-%cf%83%ce%b5%cf%84-60x90-30x45-%ce%ba%ce%b1%ce%b9-21x33-%cf%83\/#primaryimage\"},\"thumbnailUrl\":\"https:\/\/e-fontana.gr\/wp-content\/uploads\/2021\/06\/11425-thickbox_default-Kathreptes-mpaniou-toichou-set-60x90-30x45-kai-21x33-se-schema-stagona.jpg\",\"datePublished\":\"2021-06-10T08:21:50+00:00\",\"dateModified\":\"2022-11-01T18:18:31+00:00\",\"description\":\"\u03a7\u03b5\u03b9\u03c1\u03bf\u03c0\u03bf\u03af\u03b7\u03c4\u03bf \u03c0\u03c1\u03bf\u03ca\u03cc\u03bd MADE IN GREECE\",\"breadcrumb\":{\"@id\":\"https:\/\/e-fontana.gr\/en\/product\/%ce%ba%ce%b1%ce%b8%cf%81%ce%ad%cf%80%cf%84%ce%b5%cf%82-%ce%bc%cf%80%ce%ac%ce%bd%ce%b9%ce%bf%cf%85-%cf%84%ce%bf%ce%af%cf%87%ce%bf%cf%85-%cf%83%ce%b5%cf%84-60x90-30x45-%ce%ba%ce%b1%ce%b9-21x33-%cf%83\/#breadcrumb\"},\"inLanguage\":\"en-GB\",\"potentialAction\":[{\"@type\":\"ReadAction\",\"target\":[\"https:\/\/e-fontana.gr\/en\/product\/%ce%ba%ce%b1%ce%b8%cf%81%ce%ad%cf%80%cf%84%ce%b5%cf%82-%ce%bc%cf%80%ce%ac%ce%bd%ce%b9%ce%bf%cf%85-%cf%84%ce%bf%ce%af%cf%87%ce%bf%cf%85-%cf%83%ce%b5%cf%84-60x90-30x45-%ce%ba%ce%b1%ce%b9-21x33-%cf%83\/\"]}]},{\"@type\":\"ImageObject\",\"inLanguage\":\"en-GB\",\"@id\":\"https:\/\/e-fontana.gr\/en\/product\/%ce%ba%ce%b1%ce%b8%cf%81%ce%ad%cf%80%cf%84%ce%b5%cf%82-%ce%bc%cf%80%ce%ac%ce%bd%ce%b9%ce%bf%cf%85-%cf%84%ce%bf%ce%af%cf%87%ce%bf%cf%85-%cf%83%ce%b5%cf%84-60x90-30x45-%ce%ba%ce%b1%ce%b9-21x33-%cf%83\/#primaryimage\",\"url\":\"https:\/\/e-fontana.gr\/wp-content\/uploads\/2021\/06\/11425-thickbox_default-Kathreptes-mpaniou-toichou-set-60x90-30x45-kai-21x33-se-schema-stagona.jpg\",\"contentUrl\":\"https:\/\/e-fontana.gr\/wp-content\/uploads\/2021\/06\/11425-thickbox_default-Kathreptes-mpaniou-toichou-set-60x90-30x45-kai-21x33-se-schema-stagona.jpg\",\"width\":800,\"height\":800,\"caption\":\"\u039a\u03b1\u03b8\u03c1\u03ad\u03c0\u03c4\u03b5\u03c2 \u03bc\u03c0\u03ac\u03bd\u03b9\u03bf\u03c5 \u03c4\u03bf\u03af\u03c7\u03bf\u03c5 \u03c3\u03b5\u03c4 60x90 30x45 \u03ba\u03b1\u03b9 21x33 \u03c3\u03b5 \u03c3\u03c7\u03ae\u03bc\u03b1 \u03c3\u03c4\u03b1\u03b3\u03cc\u03bd\u03b1\"},{\"@type\":\"BreadcrumbList\",\"@id\":\"https:\/\/e-fontana.gr\/en\/product\/%ce%ba%ce%b1%ce%b8%cf%81%ce%ad%cf%80%cf%84%ce%b5%cf%82-%ce%bc%cf%80%ce%ac%ce%bd%ce%b9%ce%bf%cf%85-%cf%84%ce%bf%ce%af%cf%87%ce%bf%cf%85-%cf%83%ce%b5%cf%84-60x90-30x45-%ce%ba%ce%b1%ce%b9-21x33-%cf%83\/#breadcrumb\",\"itemListElement\":[{\"@type\":\"ListItem\",\"position\":1,\"name\":\"\u0391\u03c1\u03c7\u03b9\u03ba\u03ae\",\"item\":\"https:\/\/e-fontana.gr\/\"},{\"@type\":\"ListItem\",\"position\":2,\"name\":\"\u039a\u03b1\u03c4\u03ac\u03c3\u03c4\u03b7\u03bc\u03b1\",\"item\":\"https:\/\/e-fontana.gr\/shop\/\"},{\"@type\":\"ListItem\",\"position\":3,\"name\":\"\u039a\u03b1\u03b8\u03c1\u03ad\u03c0\u03c4\u03b5\u03c2 \u03bc\u03c0\u03ac\u03bd\u03b9\u03bf\u03c5 \u03c4\u03bf\u03af\u03c7\u03bf\u03c5 \u03c3\u03b5 \u03c3\u03c7\u03ae\u03bc\u03b1 \u03c3\u03c4\u03b1\u03b3\u03cc\u03bd\u03b1 \u03c3\u03b5\u03c4 60&#215;90, 30&#215;45 \u03ba\u03b1\u03b9 21&#215;33\"}]},{\"@type\":\"WebSite\",\"@id\":\"https:\/\/e-fontana.gr\/#website\",\"url\":\"https:\/\/e-fontana.gr\/\",\"name\":\"e-Fontana\",\"description\":\"\",\"publisher\":{\"@id\":\"https:\/\/e-fontana.gr\/#organization\"},\"potentialAction\":[{\"@type\":\"SearchAction\",\"target\":{\"@type\":\"EntryPoint\",\"urlTemplate\":\"https:\/\/e-fontana.gr\/?s={search_term_string}\"},\"query-input\":{\"@type\":\"PropertyValueSpecification\",\"valueRequired\":true,\"valueName\":\"search_term_string\"}}],\"inLanguage\":\"en-GB\"},{\"@type\":\"Organization\",\"@id\":\"https:\/\/e-fontana.gr\/#organization\",\"name\":\"E-FONTANA\",\"url\":\"https:\/\/e-fontana.gr\/\",\"logo\":{\"@type\":\"ImageObject\",\"inLanguage\":\"en-GB\",\"@id\":\"https:\/\/e-fontana.gr\/#\/schema\/logo\/image\/\",\"url\":\"https:\/\/e-fontana.gr\/wp-content\/uploads\/2021\/10\/fontana-logo-transparent-.png\",\"contentUrl\":\"https:\/\/e-fontana.gr\/wp-content\/uploads\/2021\/10\/fontana-logo-transparent-.png\",\"width\":500,\"height\":338,\"caption\":\"E-FONTANA\"},\"image\":{\"@id\":\"https:\/\/e-fontana.gr\/#\/schema\/logo\/image\/\"}}]}<\/script>\n<meta property=\"og:availability\" content=\"backorder\" \/>\n<meta property=\"product:availability\" content=\"available for order\" \/>\n<meta property=\"product:retailer_item_id\" content=\"31-0101222\" \/>\n<meta property=\"product:condition\" content=\"new\" \/>\n<!-- \/ Yoast SEO Premium plugin. -->","yoast_head_json":{"title":"\u039a\u03b1\u03b8\u03c1\u03ad\u03c0\u03c4\u03b5\u03c2 \u03bc\u03c0\u03ac\u03bd\u03b9\u03bf\u03c5 \u03c4\u03bf\u03af\u03c7\u03bf\u03c5 \u03c3\u03b5 \u03c3\u03c7\u03ae\u03bc\u03b1 \u03c3\u03c4\u03b1\u03b3\u03cc\u03bd\u03b1 \u03c3\u03b5\u03c4 60x90, 30x45 \u03ba\u03b1\u03b9 21x33 - e-Fontana","description":"\u03a7\u03b5\u03b9\u03c1\u03bf\u03c0\u03bf\u03af\u03b7\u03c4\u03bf \u03c0\u03c1\u03bf\u03ca\u03cc\u03bd  MADE IN GREECE","robots":{"index":"index","follow":"follow","max-snippet":"max-snippet:-1","max-image-preview":"max-image-preview:large","max-video-preview":"max-video-preview:-1"},"canonical":"https:\/\/e-fontana.gr\/en\/product\/\u03ba\u03b1\u03b8\u03c1\u03ad\u03c0\u03c4\u03b5\u03c2-\u03bc\u03c0\u03ac\u03bd\u03b9\u03bf\u03c5-\u03c4\u03bf\u03af\u03c7\u03bf\u03c5-\u03c3\u03b5\u03c4-60x90-30x45-\u03ba\u03b1\u03b9-21x33-\u03c3\/","og_locale":"en_GB","og_type":"article","og_title":"\u039a\u03b1\u03b8\u03c1\u03ad\u03c0\u03c4\u03b5\u03c2 \u03bc\u03c0\u03ac\u03bd\u03b9\u03bf\u03c5 \u03c4\u03bf\u03af\u03c7\u03bf\u03c5 \u03c3\u03b5 \u03c3\u03c7\u03ae\u03bc\u03b1 \u03c3\u03c4\u03b1\u03b3\u03cc\u03bd\u03b1 \u03c3\u03b5\u03c4 60x90, 30x45 \u03ba\u03b1\u03b9 21x33","og_description":"\u03a7\u03b5\u03b9\u03c1\u03bf\u03c0\u03bf\u03af\u03b7\u03c4\u03bf \u03c0\u03c1\u03bf\u03ca\u03cc\u03bd  MADE IN GREECE","og_url":"https:\/\/e-fontana.gr\/en\/product\/\u03ba\u03b1\u03b8\u03c1\u03ad\u03c0\u03c4\u03b5\u03c2-\u03bc\u03c0\u03ac\u03bd\u03b9\u03bf\u03c5-\u03c4\u03bf\u03af\u03c7\u03bf\u03c5-\u03c3\u03b5\u03c4-60x90-30x45-\u03ba\u03b1\u03b9-21x33-\u03c3\/","og_site_name":"e-Fontana","article_modified_time":"2022-11-01T18:18:31+00:00","og_image":[{"width":800,"height":800,"url":"https:\/\/e-fontana.gr\/wp-content\/uploads\/2021\/06\/11425-thickbox_default-Kathreptes-mpaniou-toichou-set-60x90-30x45-kai-21x33-se-schema-stagona.jpg","type":"image\/jpeg"}],"twitter_card":"summary_large_image","twitter_misc":{"Availability":"On back order"},"schema":{"@context":"https:\/\/schema.org","@graph":[{"@type":"WebPage","@id":"https:\/\/e-fontana.gr\/en\/product\/%ce%ba%ce%b1%ce%b8%cf%81%ce%ad%cf%80%cf%84%ce%b5%cf%82-%ce%bc%cf%80%ce%ac%ce%bd%ce%b9%ce%bf%cf%85-%cf%84%ce%bf%ce%af%cf%87%ce%bf%cf%85-%cf%83%ce%b5%cf%84-60x90-30x45-%ce%ba%ce%b1%ce%b9-21x33-%cf%83\/","url":"https:\/\/e-fontana.gr\/en\/product\/%ce%ba%ce%b1%ce%b8%cf%81%ce%ad%cf%80%cf%84%ce%b5%cf%82-%ce%bc%cf%80%ce%ac%ce%bd%ce%b9%ce%bf%cf%85-%cf%84%ce%bf%ce%af%cf%87%ce%bf%cf%85-%cf%83%ce%b5%cf%84-60x90-30x45-%ce%ba%ce%b1%ce%b9-21x33-%cf%83\/","name":"\u039a\u03b1\u03b8\u03c1\u03ad\u03c0\u03c4\u03b5\u03c2 \u03bc\u03c0\u03ac\u03bd\u03b9\u03bf\u03c5 \u03c4\u03bf\u03af\u03c7\u03bf\u03c5 \u03c3\u03b5 \u03c3\u03c7\u03ae\u03bc\u03b1 \u03c3\u03c4\u03b1\u03b3\u03cc\u03bd\u03b1 \u03c3\u03b5\u03c4 60x90, 30x45 \u03ba\u03b1\u03b9 21x33 - e-Fontana","isPartOf":{"@id":"https:\/\/e-fontana.gr\/#website"},"primaryImageOfPage":{"@id":"https:\/\/e-fontana.gr\/en\/product\/%ce%ba%ce%b1%ce%b8%cf%81%ce%ad%cf%80%cf%84%ce%b5%cf%82-%ce%bc%cf%80%ce%ac%ce%bd%ce%b9%ce%bf%cf%85-%cf%84%ce%bf%ce%af%cf%87%ce%bf%cf%85-%cf%83%ce%b5%cf%84-60x90-30x45-%ce%ba%ce%b1%ce%b9-21x33-%cf%83\/#primaryimage"},"image":{"@id":"https:\/\/e-fontana.gr\/en\/product\/%ce%ba%ce%b1%ce%b8%cf%81%ce%ad%cf%80%cf%84%ce%b5%cf%82-%ce%bc%cf%80%ce%ac%ce%bd%ce%b9%ce%bf%cf%85-%cf%84%ce%bf%ce%af%cf%87%ce%bf%cf%85-%cf%83%ce%b5%cf%84-60x90-30x45-%ce%ba%ce%b1%ce%b9-21x33-%cf%83\/#primaryimage"},"thumbnailUrl":"https:\/\/e-fontana.gr\/wp-content\/uploads\/2021\/06\/11425-thickbox_default-Kathreptes-mpaniou-toichou-set-60x90-30x45-kai-21x33-se-schema-stagona.jpg","datePublished":"2021-06-10T08:21:50+00:00","dateModified":"2022-11-01T18:18:31+00:00","description":"Handmade product MADE IN GREECE","breadcrumb":{"@id":"https:\/\/e-fontana.gr\/en\/product\/%ce%ba%ce%b1%ce%b8%cf%81%ce%ad%cf%80%cf%84%ce%b5%cf%82-%ce%bc%cf%80%ce%ac%ce%bd%ce%b9%ce%bf%cf%85-%cf%84%ce%bf%ce%af%cf%87%ce%bf%cf%85-%cf%83%ce%b5%cf%84-60x90-30x45-%ce%ba%ce%b1%ce%b9-21x33-%cf%83\/#breadcrumb"},"inLanguage":"en-GB","potentialAction":[{"@type":"ReadAction","target":["https:\/\/e-fontana.gr\/en\/product\/%ce%ba%ce%b1%ce%b8%cf%81%ce%ad%cf%80%cf%84%ce%b5%cf%82-%ce%bc%cf%80%ce%ac%ce%bd%ce%b9%ce%bf%cf%85-%cf%84%ce%bf%ce%af%cf%87%ce%bf%cf%85-%cf%83%ce%b5%cf%84-60x90-30x45-%ce%ba%ce%b1%ce%b9-21x33-%cf%83\/"]}]},{"@type":"ImageObject","inLanguage":"en-GB","@id":"https:\/\/e-fontana.gr\/en\/product\/%ce%ba%ce%b1%ce%b8%cf%81%ce%ad%cf%80%cf%84%ce%b5%cf%82-%ce%bc%cf%80%ce%ac%ce%bd%ce%b9%ce%bf%cf%85-%cf%84%ce%bf%ce%af%cf%87%ce%bf%cf%85-%cf%83%ce%b5%cf%84-60x90-30x45-%ce%ba%ce%b1%ce%b9-21x33-%cf%83\/#primaryimage","url":"https:\/\/e-fontana.gr\/wp-content\/uploads\/2021\/06\/11425-thickbox_default-Kathreptes-mpaniou-toichou-set-60x90-30x45-kai-21x33-se-schema-stagona.jpg","contentUrl":"https:\/\/e-fontana.gr\/wp-content\/uploads\/2021\/06\/11425-thickbox_default-Kathreptes-mpaniou-toichou-set-60x90-30x45-kai-21x33-se-schema-stagona.jpg","width":800,"height":800,"caption":"\u039a\u03b1\u03b8\u03c1\u03ad\u03c0\u03c4\u03b5\u03c2 \u03bc\u03c0\u03ac\u03bd\u03b9\u03bf\u03c5 \u03c4\u03bf\u03af\u03c7\u03bf\u03c5 \u03c3\u03b5\u03c4 60x90 30x45 \u03ba\u03b1\u03b9 21x33 \u03c3\u03b5 \u03c3\u03c7\u03ae\u03bc\u03b1 \u03c3\u03c4\u03b1\u03b3\u03cc\u03bd\u03b1"},{"@type":"BreadcrumbList","@id":"https:\/\/e-fontana.gr\/en\/product\/%ce%ba%ce%b1%ce%b8%cf%81%ce%ad%cf%80%cf%84%ce%b5%cf%82-%ce%bc%cf%80%ce%ac%ce%bd%ce%b9%ce%bf%cf%85-%cf%84%ce%bf%ce%af%cf%87%ce%bf%cf%85-%cf%83%ce%b5%cf%84-60x90-30x45-%ce%ba%ce%b1%ce%b9-21x33-%cf%83\/#breadcrumb","itemListElement":[{"@type":"ListItem","position":1,"name":"\u0391\u03c1\u03c7\u03b9\u03ba\u03ae","item":"https:\/\/e-fontana.gr\/"},{"@type":"ListItem","position":2,"name":"\u039a\u03b1\u03c4\u03ac\u03c3\u03c4\u03b7\u03bc\u03b1","item":"https:\/\/e-fontana.gr\/shop\/"},{"@type":"ListItem","position":3,"name":"\u039a\u03b1\u03b8\u03c1\u03ad\u03c0\u03c4\u03b5\u03c2 \u03bc\u03c0\u03ac\u03bd\u03b9\u03bf\u03c5 \u03c4\u03bf\u03af\u03c7\u03bf\u03c5 \u03c3\u03b5 \u03c3\u03c7\u03ae\u03bc\u03b1 \u03c3\u03c4\u03b1\u03b3\u03cc\u03bd\u03b1 \u03c3\u03b5\u03c4 60&#215;90, 30&#215;45 \u03ba\u03b1\u03b9 21&#215;33"}]},{"@type":"WebSite","@id":"https:\/\/e-fontana.gr\/#website","url":"https:\/\/e-fontana.gr\/","name":"e-Fontana","description":"","publisher":{"@id":"https:\/\/e-fontana.gr\/#organization"},"potentialAction":[{"@type":"SearchAction","target":{"@type":"EntryPoint","urlTemplate":"https:\/\/e-fontana.gr\/?s={search_term_string}"},"query-input":{"@type":"PropertyValueSpecification","valueRequired":true,"valueName":"search_term_string"}}],"inLanguage":"en-GB"},{"@type":"Organization","@id":"https:\/\/e-fontana.gr\/#organization","name":"E-FONTANA","url":"https:\/\/e-fontana.gr\/","logo":{"@type":"ImageObject","inLanguage":"en-GB","@id":"https:\/\/e-fontana.gr\/#\/schema\/logo\/image\/","url":"https:\/\/e-fontana.gr\/wp-content\/uploads\/2021\/10\/fontana-logo-transparent-.png","contentUrl":"https:\/\/e-fontana.gr\/wp-content\/uploads\/2021\/10\/fontana-logo-transparent-.png","width":500,"height":338,"caption":"E-FONTANA"},"image":{"@id":"https:\/\/e-fontana.gr\/#\/schema\/logo\/image\/"}}]},"og_availability":"backorder","product_availability":"available for order","product_retailer_item_id":"31-0101222","product_condition":"new"},"_links":{"self":[{"href":"https:\/\/e-fontana.gr\/en\/wp-json\/wp\/v2\/product\/8669","targetHints":{"allow":["GET"]}}],"collection":[{"href":"https:\/\/e-fontana.gr\/en\/wp-json\/wp\/v2\/product"}],"about":[{"href":"https:\/\/e-fontana.gr\/en\/wp-json\/wp\/v2\/types\/product"}],"wp:featuredmedia":[{"embeddable":true,"href":"https:\/\/e-fontana.gr\/en\/wp-json\/wp\/v2\/media\/8668"}],"wp:attachment":[{"href":"https:\/\/e-fontana.gr\/en\/wp-json\/wp\/v2\/media?parent=8669"}],"wp:term":[{"taxonomy":"product_brand","embeddable":true,"href":"https:\/\/e-fontana.gr\/en\/wp-json\/wp\/v2\/product_brand?post=8669"},{"taxonomy":"product_cat","embeddable":true,"href":"https:\/\/e-fontana.gr\/en\/wp-json\/wp\/v2\/product_cat?post=8669"},{"taxonomy":"product_tag","embeddable":true,"href":"https:\/\/e-fontana.gr\/en\/wp-json\/wp\/v2\/product_tag?post=8669"}],"curies":[{"name":"wp","href":"https:\/\/api.w.org\/{rel}","templated":true}]}}